{"id":685,"date":"2017-02-03T09:42:59","date_gmt":"2017-02-03T08:42:59","guid":{"rendered":"http:\/\/dev.lycee-mariecurie.org\/?page_id=685"},"modified":"2024-09-17T11:53:46","modified_gmt":"2024-09-17T09:53:46","slug":"mot-du-proviseur","status":"publish","type":"page","link":"https:\/\/www.lycee-mariecurie.org\/index.php\/mot-du-proviseur\/","title":{"rendered":"Mot du Proviseur"},"content":{"rendered":"\n<figure class=\"wp-block-image size-full\"><img loading=\"lazy\" decoding=\"async\" width=\"209\" height=\"105\" src=\"https:\/\/www.lycee-mariecurie.org\/wp-content\/uploads\/2024\/09\/M.LeProviseur.png\" alt=\"\" class=\"wp-image-5088\"\/><\/figure>\n\n\n\n<section id=\"custom_html-3\" class=\"widget_text widget_custom_html\">\n<div class=\"textwidget custom-html-widget\">\n<div>\n<p><span style=\"font-size: medium;\">Madame, Monsieur,<\/span><\/p>\n<p align=\"justify\"><a name=\"_GoBack\"><\/a> <span style=\"font-size: medium;\">Je suis tr\u00e8s heureux de prendre la direction du lyc\u00e9e Marie Curie \u00e0 cette rentr\u00e9e. Toutes les \u00e9quipes, p\u00e9dagogiques, administratives et \u00e9ducatives, se joignent \u00e0 moi pour souhaiter \u00e0 tous nos \u00e9l\u00e8ves une excellente ann\u00e9e scolaire 2024-2025.<br><\/span><\/p>\n<p align=\"justify\"><span style=\"font-size: medium;\">Cette ann\u00e9e sera marqu\u00e9e par la fin des travaux dans le cadre d\u2019un plan de r\u00e9novation \u00e9nerg\u00e9tique des deux b\u00e2timents. Le lyc\u00e9e sera ainsi engag\u00e9 dans une voie plus \u00e9conome et respectueuse de l\u2019environnement. <\/span><\/p>\n<p align=\"justify\"><span style=\"font-size: medium;\">Le lyc\u00e9e Marie Curie accueille un peu moins de 800 \u00e9l\u00e8ves, provenant principalement des quatre coll\u00e8ges de secteur \u00e0 savoir le coll\u00e8ge International de l\u2019Esplanade, le coll\u00e8ge International Vauban, le coll\u00e8ge Jules Hoffmann de la Robertsau et le coll\u00e8ge Sophie Germain. Une offre de formation d\u00e8s la seconde avec les classes \u00e0 projets (scientifique, d\u00e9veloppement durable, th\u00e9\u00e2tre et patrimoine, ouverture europ\u00e9enne) qui permet \u00e0 nos enseignants de tirer le meilleur des \u00e9l\u00e8ves qui nous sont confi\u00e9s.<\/span><\/p>\n<p align=\"justify\"><span style=\"font-size: medium;\">L\u2019\u00e9tablissement propose, sur le cycle terminal, une large palette dans les choix des enseignements de sp\u00e9cialit\u00e9, 10 sp\u00e9cialit\u00e9s propos\u00e9es, dont deux sp\u00e9cifiques sur d\u00e9rogation pour&nbsp;:<\/span><\/p>\n<p align=\"justify\"><span style=\"font-size: medium;\">-l\u2019enseignement de sp\u00e9cialit\u00e9 EPPCS&nbsp;: <\/span><span style=\"font-size: medium;\">Education Physique, Pratiques et Culture Sportives.<\/span><\/p>\n<p align=\"justify\"><span style=\"font-size: medium;\">-l\u2019enseignement de <\/span><span style=\"font-size: medium;\">sp\u00e9cialit\u00e9<\/span><span style=\"font-size: medium;\"> Arts Musique en partenariat avec le conservatoire de Strasbourg. Ces \u00e9l\u00e8ves danseurs et musiciens suivent obligatoirement l\u2019option musique d\u00e8s la seconde. Des \u00e9l\u00e8ves non musiciens peuvent \u00e9galement choisir l\u2019option musique en seconde en faisant un dossier avant leur inscription. Cette option est d\u00e9rogatoire. <\/span><\/p>\n<p align=\"justify\"><span style=\"font-size: medium;\">Le lyc\u00e9e offre \u00e9galement la possibilit\u00e9 de suivre la fili\u00e8re technologique en classe de premi\u00e8re et terminale, avec les options RH et mercatique en classe de terminale STMG.<\/span><\/p>\n<p align=\"justify\"><span style=\"font-size: medium;\">Les sections europ\u00e9ennes (anglais, allemand et italien) viennent compl\u00e9ter l\u2019offre des langues vivantes \u00e9tudi\u00e9es au lyc\u00e9e (anglais et allemand en LVA et LVB, espagnol, l\u2019italien et le chinois en LVB).<\/span><\/p>\n<p align=\"justify\"><span style=\"font-size: medium;\">Les \u00e9l\u00e8ves trouveront au lyc\u00e9e Marie Curie, dans les clubs et actions de la MDL et dans les projets port\u00e9s par le CVL les moyens de porter leur engagement et de participer \u00e0 cette culture citoyenne.<\/span><\/p>\n<p align=\"justify\"><span style=\"font-size: medium;\">Enfin, le lyc\u00e9e Marie Curie est r\u00e9solument tourn\u00e9 vers la d\u00e9mat\u00e9rialisation. La R\u00e9gion Grand Est alloue \u00e0 chaque \u00e9l\u00e8ve un ordinateur portable avec les manuels num\u00e9riques. A l\u2019\u00e8re de l\u2019explosion des IA, un d\u00e9fi majeur s\u2019impose \u00e0 nous pour explorer cette culture num\u00e9rique avec lucidit\u00e9 et recul. <\/span><\/p>\n<p align=\"justify\"><span style=\"font-size: medium;\">Toutes les \u00e9quipes du lyc\u00e9e Marie Curie sont pleinement mobilis\u00e9es pour soutenir, aider, et accompagner nos \u00e9l\u00e8ves dans les objectifs prioritaires de r\u00e9ussite et d\u2019\u00e9panouissement.<\/span><\/p>\n<blockquote><p>Le Proviseur<br>F.KANOUNI<\/p><\/blockquote>\n<\/div>\n<\/div>\n<\/section>\n","protected":false},"excerpt":{"rendered":"<p>Madame, Monsieur, Je suis tr\u00e8s heureux de prendre la direction du lyc\u00e9e Marie Curie \u00e0 cette rentr\u00e9e. Toutes les \u00e9quipes, p\u00e9dagogiques, administratives et \u00e9ducatives, se joignent \u00e0 moi pour souhaiter \u00e0 tous nos \u00e9l\u00e8ves une excellente ann\u00e9e scolaire 2024-2025. Cette&#8230;<\/p>\n","protected":false},"author":1,"featured_media":0,"parent":0,"menu_order":0,"comment_status":"closed","ping_status":"closed","template":"","meta":{"footnotes":""},"class_list":["post-685","page","type-page","status-publish","hentry","no-post-thumbnail"],"_links":{"self":[{"href":"https:\/\/www.lycee-mariecurie.org\/index.php\/wp-json\/wp\/v2\/pages\/685","targetHints":{"allow":["GET"]}}],"collection":[{"href":"https:\/\/www.lycee-mariecurie.org\/index.php\/wp-json\/wp\/v2\/pages"}],"about":[{"href":"https:\/\/www.lycee-mariecurie.org\/index.php\/wp-json\/wp\/v2\/types\/page"}],"author":[{"embeddable":true,"href":"https:\/\/www.lycee-mariecurie.org\/index.php\/wp-json\/wp\/v2\/users\/1"}],"replies":[{"embeddable":true,"href":"https:\/\/www.lycee-mariecurie.org\/index.php\/wp-json\/wp\/v2\/comments?post=685"}],"version-history":[{"count":19,"href":"https:\/\/www.lycee-mariecurie.org\/index.php\/wp-json\/wp\/v2\/pages\/685\/revisions"}],"predecessor-version":[{"id":5099,"href":"https:\/\/www.lycee-mariecurie.org\/index.php\/wp-json\/wp\/v2\/pages\/685\/revisions\/5099"}],"wp:attachment":[{"href":"https:\/\/www.lycee-mariecurie.org\/index.php\/wp-json\/wp\/v2\/media?parent=685"}],"curies":[{"name":"wp","href":"https:\/\/api.w.org\/{rel}","templated":true}]}}