{"id":675,"date":"2017-02-03T09:34:04","date_gmt":"2017-02-03T08:34:04","guid":{"rendered":"http:\/\/dev.lycee-mariecurie.org\/?page_id=675"},"modified":"2021-01-15T10:10:11","modified_gmt":"2021-01-15T09:10:11","slug":"le-lycee-marie-curie","status":"publish","type":"page","link":"https:\/\/www.lycee-mariecurie.org\/index.php\/le-lycee-marie-curie\/","title":{"rendered":"Le Lyc\u00e9e Marie Curie"},"content":{"rendered":"<p>Etablissement \u00e0 taille humaine, le lyc\u00e9e Marie Curie accueille <strong>une moyenne de 750 \u00e9l\u00e8ves<\/strong> encadr\u00e9s par une centaine de personnels. Proche des Universit\u00e9s, il est facilement accessible par le bus et le Tram (lignes C et E).<\/p>\n<p><strong>Le lyc\u00e9e Marie Curie pr\u00e9pare les \u00e9l\u00e8ves aux examens du Baccalaur\u00e9at g\u00e9n\u00e9ral avec la possibilit\u00e9 d\u2019obtenir les mentions europ\u00e9ennes Anglais, Allemand ou Italien.<\/strong><\/p>\n<p>Son <strong>Projet d\u2019Etablissement<\/strong> ambitieux est au service de la r\u00e9ussite de chaque \u00e9l\u00e8ve:<\/p>\n<h3>promotion de l\u2019excellence :<\/h3>\n<ul style=\"list-style-type: circle;\">\n<li>classe scientifique Marie Curie, classe \u00e0 Am\u00e9nagement d\u2019 Horaires en partenariat avec le Conservatoire ;<\/li>\n<li>sections europ\u00e9ennes de langues Anglaise, Allemande et Italienne, pr\u00e9paration aux certifications KMK et Cambridge<\/li>\n<li>Olympiades de Physique et de SVT, concours Math\u00e9matiques (Rallye Maths, Math\u00e9matiques sans Fronti\u00e8res, Olympiades de Maths), partenariats avec l\u2019Universit\u00e9 de Strasbourg et des instituts de recherche<\/li>\n<li>cord\u00e9es de la r\u00e9ussite INET (administrateurs territoriaux)<\/li>\n<\/ul>\n<h3>diversification p\u00e9dagogique et suivi individualis\u00e9:<\/h3>\n<ul style=\"list-style-type: circle;\">\n<li>ouverture \u00e0 l\u2019international: voyages, \u00e9changes et programmes de mobilit\u00e9<\/li>\n<li>partenariats avec les structures culturelles de Strasbourg Th\u00e9\u00e2tre National de Strasbourg, Fond R\u00e9gional d\u2019Art Contemporain, Op\u00e9ra National du Rhin\u2026<\/li>\n<li>politique d\u2019acquisition de tablettes num\u00e9riques, \u00e9valuation par comp\u00e9tences<\/li>\n<li>soutien scolaire par des professeurs du lyc\u00e9e, tutorat, \u00e9preuves d\u2019entra\u00eenement aux examens, \u2026<\/li>\n<li>\u00e9ducation \u00e0 l\u2019orientation: stages en entreprise en 2de, immersions en lyc\u00e9e et \u00e0 l\u2019universit\u00e9, pr\u00e9sentation des Universit\u00e9s et Grandes Ecoles, r\u00e9unions de pr\u00e9sentation des voies d\u2019orientation aux parents, \u2026<\/li>\n<\/ul>\n<h3>responsabilisation, \u00e9coute et bienveillance, alli\u00e9es \u00e0 rigueur, exigence<\/h3>\n<ul style=\"list-style-type: circle;\">\n<li>instances lyc\u00e9ennes actives: Conseil de Vie Lyc\u00e9enne (CVL), Maison des Lyc\u00e9ens, tutorat entre pairs, animation de la vie du Lyc\u00e9e \u2014 Carnaval, f\u00eate du Percent (100 jours avant le Bac), Bal de fin d\u2019ann\u00e9e, \u2026<\/li>\n<li>journ\u00e9e d\u2019int\u00e9gration des 2des, c\u00e9r\u00e9monie de remise de dipl\u00f4mes du Baccalaur\u00e9at, organisation du \u00ab\u00a0Mois de l\u2019Autre\u00a0\u00bb<\/li>\n<\/ul>\n<div class=\"uk-panel uk-panel-box\">Chaque ann\u00e9e, la matin\u00e9e Portes Ouvertes est l\u2019occasion pour les \u00e9l\u00e8ves de 3e et leurs familles de d\u00e9couvrir le dynamisme du lyc\u00e9e et de rencontrer des \u00e9l\u00e8ves, fiers et enthousiastes de pr\u00e9senter leur \u00e9tablissement aux visiteurs.<\/div>\n","protected":false},"excerpt":{"rendered":"<p>Etablissement \u00e0 taille humaine, le lyc\u00e9e Marie Curie accueille une moyenne de 750 \u00e9l\u00e8ves encadr\u00e9s par une centaine de personnels. Proche des Universit\u00e9s, il est facilement accessible par le bus et le Tram (lignes C et E). Le lyc\u00e9e Marie&#8230;<\/p>\n","protected":false},"author":1,"featured_media":0,"parent":0,"menu_order":0,"comment_status":"closed","ping_status":"closed","template":"","meta":{"footnotes":""},"class_list":["post-675","page","type-page","status-publish","hentry","no-post-thumbnail"],"_links":{"self":[{"href":"https:\/\/www.lycee-mariecurie.org\/index.php\/wp-json\/wp\/v2\/pages\/675","targetHints":{"allow":["GET"]}}],"collection":[{"href":"https:\/\/www.lycee-mariecurie.org\/index.php\/wp-json\/wp\/v2\/pages"}],"about":[{"href":"https:\/\/www.lycee-mariecurie.org\/index.php\/wp-json\/wp\/v2\/types\/page"}],"author":[{"embeddable":true,"href":"https:\/\/www.lycee-mariecurie.org\/index.php\/wp-json\/wp\/v2\/users\/1"}],"replies":[{"embeddable":true,"href":"https:\/\/www.lycee-mariecurie.org\/index.php\/wp-json\/wp\/v2\/comments?post=675"}],"version-history":[{"count":8,"href":"https:\/\/www.lycee-mariecurie.org\/index.php\/wp-json\/wp\/v2\/pages\/675\/revisions"}],"predecessor-version":[{"id":2448,"href":"https:\/\/www.lycee-mariecurie.org\/index.php\/wp-json\/wp\/v2\/pages\/675\/revisions\/2448"}],"wp:attachment":[{"href":"https:\/\/www.lycee-mariecurie.org\/index.php\/wp-json\/wp\/v2\/media?parent=675"}],"curies":[{"name":"wp","href":"https:\/\/api.w.org\/{rel}","templated":true}]}}