{"id":3193,"date":"2021-12-09T19:43:22","date_gmt":"2021-12-09T18:43:22","guid":{"rendered":"https:\/\/www.lycee-mariecurie.org\/?page_id=3193"},"modified":"2023-01-12T14:19:56","modified_gmt":"2023-01-12T13:19:56","slug":"specialites","status":"publish","type":"page","link":"https:\/\/www.lycee-mariecurie.org\/index.php\/specialites\/","title":{"rendered":"Sp\u00e9cialit\u00e9s"},"content":{"rendered":"\n<figure class=\"wp-block-embed is-type-wp-embed is-provider-genially wp-block-embed-genially\"><div class=\"wp-block-embed__wrapper\">\n<iframe class=\"wp-embedded-content\" sandbox=\"allow-scripts\" security=\"restricted\" title=\"les sp\u00e9cialit\u00e9s au lyc\u00e9e Marie Curie de Strasbourg\" frameborder='0' width='800' height='1600' src='https:\/\/view.genially.com\/600c4df48918840d054df3df#?secret=70F6dxVNW2' data-secret='70F6dxVNW2' scrolling='yes'><\/iframe>\n<\/div><\/figure>\n\n\n\n<div data-wp-interactive=\"core\/file\" class=\"wp-block-file\"><object data-wp-bind--hidden=\"!state.hasPdfPreview\" hidden class=\"wp-block-file__embed\" data=\"https:\/\/www.lycee-mariecurie.org\/wp-content\/uploads\/2023\/01\/prtesenattion-specialites-LMC-1.pdf\" type=\"application\/pdf\" style=\"width:100%;height:600px\" aria-label=\"Contenu embarqu\u00e9 prtesenattion-specialites-LMC-1.\"><\/object><a id=\"wp-block-file--media-4383cf1c-db4d-4d49-9f63-fdae87c9552f\" href=\"https:\/\/www.lycee-mariecurie.org\/wp-content\/uploads\/2023\/01\/prtesenattion-specialites-LMC-1.pdf\">prtesenattion-specialites-LMC-1<\/a><a href=\"https:\/\/www.lycee-mariecurie.org\/wp-content\/uploads\/2023\/01\/prtesenattion-specialites-LMC-1.pdf\" class=\"wp-block-file__button wp-element-button\" download aria-describedby=\"wp-block-file--media-4383cf1c-db4d-4d49-9f63-fdae87c9552f\">T\u00e9l\u00e9charger<\/a><\/div>\n","protected":false},"excerpt":{"rendered":"","protected":false},"author":1,"featured_media":0,"parent":0,"menu_order":0,"comment_status":"closed","ping_status":"closed","template":"","meta":{"footnotes":""},"class_list":["post-3193","page","type-page","status-publish","hentry","no-post-thumbnail"],"_links":{"self":[{"href":"https:\/\/www.lycee-mariecurie.org\/index.php\/wp-json\/wp\/v2\/pages\/3193","targetHints":{"allow":["GET"]}}],"collection":[{"href":"https:\/\/www.lycee-mariecurie.org\/index.php\/wp-json\/wp\/v2\/pages"}],"about":[{"href":"https:\/\/www.lycee-mariecurie.org\/index.php\/wp-json\/wp\/v2\/types\/page"}],"author":[{"embeddable":true,"href":"https:\/\/www.lycee-mariecurie.org\/index.php\/wp-json\/wp\/v2\/users\/1"}],"replies":[{"embeddable":true,"href":"https:\/\/www.lycee-mariecurie.org\/index.php\/wp-json\/wp\/v2\/comments?post=3193"}],"version-history":[{"count":4,"href":"https:\/\/www.lycee-mariecurie.org\/index.php\/wp-json\/wp\/v2\/pages\/3193\/revisions"}],"predecessor-version":[{"id":3941,"href":"https:\/\/www.lycee-mariecurie.org\/index.php\/wp-json\/wp\/v2\/pages\/3193\/revisions\/3941"}],"wp:attachment":[{"href":"https:\/\/www.lycee-mariecurie.org\/index.php\/wp-json\/wp\/v2\/media?parent=3193"}],"curies":[{"name":"wp","href":"https:\/\/api.w.org\/{rel}","templated":true}]}}