{"id":2994,"date":"2021-06-18T15:05:48","date_gmt":"2021-06-18T13:05:48","guid":{"rendered":"https:\/\/www.lycee-mariecurie.org\/?page_id=2994"},"modified":"2021-06-18T15:14:20","modified_gmt":"2021-06-18T13:14:20","slug":"fcpe","status":"publish","type":"page","link":"https:\/\/www.lycee-mariecurie.org\/index.php\/fcpe\/","title":{"rendered":""},"content":{"rendered":"\n<div class=\"wp-block-columns is-layout-flex wp-container-core-columns-is-layout-9d6595d7 wp-block-columns-is-layout-flex\">\n<div class=\"wp-block-column is-layout-flow wp-block-column-is-layout-flow\" style=\"flex-basis:100%\">\n<figure class=\"wp-block-image size-large\"><img loading=\"lazy\" decoding=\"async\" width=\"795\" height=\"200\" src=\"https:\/\/www.lycee-mariecurie.org\/wp-content\/uploads\/2021\/06\/logo_FCPE.png\" alt=\"\" class=\"wp-image-3000\" srcset=\"https:\/\/www.lycee-mariecurie.org\/wp-content\/uploads\/2021\/06\/logo_FCPE.png 795w, https:\/\/www.lycee-mariecurie.org\/wp-content\/uploads\/2021\/06\/logo_FCPE-300x75.png 300w\" sizes=\"auto, (max-width: 795px) 100vw, 795px\" \/><\/figure>\n<\/div>\n<\/div>\n\n\n\n<p><strong>La F\u00e9d\u00e9ration des Conseils des parents d\u2019El\u00e8ves<\/strong> (FCPE) a pour objectif de repr\u00e9senter tous les parents d\u2019\u00e9l\u00e8ves du lyc\u00e9e. Le Conseil Local du lyc\u00e9e Marie Curie r\u00e9unit les parents qui souhaitent s\u2019engager et \u00eatre r\u00e9guli\u00e8rement inform\u00e9s de la vie du lyc\u00e9e ; affili\u00e9 aux F\u00e9d\u00e9rations D\u00e9partementale et Nationale, il prend ses d\u00e9cisions et agit en toute ind\u00e9pendance, tout en b\u00e9n\u00e9ficiant d\u2019une repr\u00e9sentation au sein des instances de l\u2019acad\u00e9mie et nationale.<\/p>\n\n\n\n<p><strong>Les valeurs<\/strong> qui nous motivent et nous rassemblent sont la gratuit\u00e9 de l\u2019\u00e9cole, la la\u00efcit\u00e9, l\u2019\u00e9galit\u00e9 des chances, la r\u00e9ussite scolaire de chaque enfant. Nous d\u00e9fendons une \u00e9cole publique ouverte \u00e0 tous.<\/p>\n\n\n\n<p>La FCPE est repr\u00e9sent\u00e9e dans tous les conseils du lyc\u00e9e&nbsp;: Conseil d\u2019Administration, Conseil de la Vie Lyc\u00e9enne, Comit\u00e9 Hygi\u00e8ne et S\u00e9curit\u00e9, Conseil de Discipline, Commission Educative et par les parents d\u00e9l\u00e9gu\u00e9s aux conseils de classe.<\/p>\n\n\n\n<p><strong>Les r\u00e9unions r\u00e9guli\u00e8res<\/strong> du conseil local sont des moments d\u2019\u00e9change et d\u2019information sur la vie du lyc\u00e9e entre parents. Tous les parents ont la possibilit\u00e9 de faire part de leurs remarques, qui sont ensuite relay\u00e9es dans les instances d\u00e9cisionnelles, y compris nationalement via la f\u00e9d\u00e9ration.<\/p>\n\n\n\n<p><strong>En tant que parents, membres de la communaut\u00e9 \u00e9ducative, <\/strong>les parents FCPE restent vigilants sur la qualit\u00e9 de vie quotidienne des \u00e9l\u00e8ves au sein du lyc\u00e9e et souhaitent \u00eatre \u00e0 l\u2019\u00e9coute de tous. Une bonne communication entre le lyc\u00e9e et les parents est au centre de nos pr\u00e9occupations.<\/p>\n\n\n\n<p>Roselyne Kuchler<br>Nathalie Wach<br><strong>Pour nous contacter&nbsp;: <\/strong><a href=\"mailto:lyceemc.fcpe@free.fr\"><strong>lyceemc.fcpe@free.fr<\/strong><\/a><\/p>\n\n\n\n<p>Lien vers le site d\u00e9partemental&nbsp;: https:\/\/www.fcpe67.fr\/<br>Lien vers le site national: <a href=\"https:\/\/www.fcpe.asso.fr\/\">https:\/\/www.fcpe.asso.fr\/<\/a><\/p>\n","protected":false},"excerpt":{"rendered":"<p>La F\u00e9d\u00e9ration des Conseils des parents d\u2019El\u00e8ves (FCPE) a pour objectif de repr\u00e9senter tous les parents d\u2019\u00e9l\u00e8ves du lyc\u00e9e. Le Conseil Local du lyc\u00e9e Marie Curie r\u00e9unit les parents qui souhaitent s\u2019engager et \u00eatre r\u00e9guli\u00e8rement inform\u00e9s de la vie du&#8230;<\/p>\n","protected":false},"author":1,"featured_media":0,"parent":0,"menu_order":0,"comment_status":"closed","ping_status":"closed","template":"","meta":{"footnotes":""},"class_list":["post-2994","page","type-page","status-publish","hentry","no-post-thumbnail"],"_links":{"self":[{"href":"https:\/\/www.lycee-mariecurie.org\/index.php\/wp-json\/wp\/v2\/pages\/2994","targetHints":{"allow":["GET"]}}],"collection":[{"href":"https:\/\/www.lycee-mariecurie.org\/index.php\/wp-json\/wp\/v2\/pages"}],"about":[{"href":"https:\/\/www.lycee-mariecurie.org\/index.php\/wp-json\/wp\/v2\/types\/page"}],"author":[{"embeddable":true,"href":"https:\/\/www.lycee-mariecurie.org\/index.php\/wp-json\/wp\/v2\/users\/1"}],"replies":[{"embeddable":true,"href":"https:\/\/www.lycee-mariecurie.org\/index.php\/wp-json\/wp\/v2\/comments?post=2994"}],"version-history":[{"count":2,"href":"https:\/\/www.lycee-mariecurie.org\/index.php\/wp-json\/wp\/v2\/pages\/2994\/revisions"}],"predecessor-version":[{"id":3001,"href":"https:\/\/www.lycee-mariecurie.org\/index.php\/wp-json\/wp\/v2\/pages\/2994\/revisions\/3001"}],"wp:attachment":[{"href":"https:\/\/www.lycee-mariecurie.org\/index.php\/wp-json\/wp\/v2\/media?parent=2994"}],"curies":[{"name":"wp","href":"https:\/\/api.w.org\/{rel}","templated":true}]}}