{"id":2846,"date":"2021-03-22T14:11:54","date_gmt":"2021-03-22T13:11:54","guid":{"rendered":"https:\/\/www.lycee-mariecurie.org\/?p=2846"},"modified":"2021-03-22T14:11:54","modified_gmt":"2021-03-22T13:11:54","slug":"la-mdl-maison-des-lyceens","status":"publish","type":"page","link":"https:\/\/www.lycee-mariecurie.org\/index.php\/la-mdl-maison-des-lyceens\/","title":{"rendered":"La MDL (Maison Des Lyc\u00e9ens)"},"content":{"rendered":"\n<p><strong><em>\u00ab&nbsp;La Maison des lyc\u00e9ens (MDL) est un outil au service des lyc\u00e9ens. Elle aide au d\u00e9veloppement de la vie culturelle au lyc\u00e9e et donne aux \u00e9l\u00e8ves l&rsquo;occasion de s&rsquo;engager dans des projets, de faire l&rsquo;apprentissage de leur autonomie et de prendre des responsabilit\u00e9s importantes. Elle se substitue aux foyers socio-\u00e9ducatifs qui pourraient encore exister.<\/em><\/strong><\/p>\n\n\n\n<p><strong><em>La Maison des lyc\u00e9ens est une association qui rassemble les \u00e9l\u00e8ves souhaitant s&rsquo;engager dans des actions citoyennes et prendre des responsabilit\u00e9s au sein de l&rsquo;\u00e9tablissement dans les domaines culturel, artistique, sportif et humanitaire.<\/em><\/strong><\/p>\n\n\n\n<p><strong><em>Constitu\u00e9e sous forme d&rsquo;association dont le si\u00e8ge se situe dans l&rsquo;\u00e9tablissement, la Maison des lyc\u00e9ens ob\u00e9it au r\u00e9gime de droit commun des associations d\u00e9fini par la loi du 1er juillet 1901 relative au contrat d&rsquo;association. En outre, les principes directeurs \u00e9nonc\u00e9s \u00e0 l&rsquo;article R. 511-9 du code de l&rsquo;\u00c9ducation dont, notamment, ceux de neutralit\u00e9 politique et religieuse leur sont pleinement applicables.<\/em><\/strong><\/p>\n\n\n\n<p><strong><em>Sa direction (pr\u00e9sidence, secr\u00e9tariat, tr\u00e9sorerie) est assur\u00e9e par des lyc\u00e9ens. Ces derniers sont \u00e9lus par les membres de l&rsquo;association. Tous les \u00e9l\u00e8ves qui le d\u00e9sirent peuvent adh\u00e9rer de droit \u00e0 l&rsquo;association.<\/em><\/strong><\/p>\n\n\n\n<p><strong><em>Lieu d&rsquo;inclusion, elle facilite l&rsquo;information des \u00e9l\u00e8ves, notamment sur les actions culturelles, artistiques, sportives et citoyennes de l&rsquo;\u00e9tablissement.&nbsp;\u00bb &#8211; BO 01\/02\/10<\/em><\/strong><\/p>\n\n\n\n<p>Moteur du dynamisme des lyc\u00e9ens qui y sont engag\u00e9s, la MDL du lyc\u00e9e Marie est \u00e0 l\u2019origine des nombreux projets au fil des ans&nbsp;:<\/p>\n\n\n\n<ul class=\"wp-block-list\"><li>Cr\u00e9ation et am\u00e9nagement d\u2019un foyer \u00e9l\u00e8ves.<\/li><li>Mise en place de distributeurs de boissons chaudes.<\/li><li>Cr\u00e9ation et vente de tee-shirts, sweat-shirts au logo du lyc\u00e9e.<\/li><li>Organisation des festivit\u00e9s&nbsp;: Carnaval, Percent, f\u00eate de fin d\u2019\u00e9tudes (tous les ans).<\/li><li>Organisation de la remise des dipl\u00f4mes du baccalaur\u00e9at (tous les ans).<\/li><li>Organisation des photos de classe (tous les ans).<\/li><li>Distribution de cartes pour la Saint Valentin (2020\/2021).<\/li><li>Collecte de bo\u00eetes avec des denr\u00e9es alimentaires pour les sans abris (2020\/2021).<\/li><li>Cr\u00e9ation d\u2019un club de p\u00e9tanques (2020\/2021).<\/li><\/ul>\n\n\n\n<p>Travaillant en \u00e9troite collaboration avec le CVL du lyc\u00e9e, la MDL a cette ann\u00e9e scolaire 2020\/2021&nbsp;:<\/p>\n\n\n\n<ul class=\"wp-block-list\"><li>Coorganis\u00e9 la collecte pour l\u2019AFGES en faveur des \u00e9tudiants en grande pr\u00e9carit\u00e9.<\/li><li>Particip\u00e9 \u00e0 deux semaines du \u00ab&nbsp;Mois de l\u2019Autre&nbsp;\u00bb \u00e0 la fin du mois de mars 2021 sur les th\u00e8mes du d\u00e9veloppement durable et de l\u2019\u00e9galit\u00e9 Filles \/ gar\u00e7ons.<\/li><li>Soutenu une exposition sur la journ\u00e9e internationale des droits de la femme le 8 mars.<\/li><\/ul>\n\n\n\n<p>Exposition de photographies d\u2019\u00e9l\u00e8ves devenue itin\u00e9rante dans les \u00e9tablissements strasbourgeois \u00e0 l\u2019initiative du Pr\u00e9sident de la MDL.<\/p>\n\n\n\n<ul class=\"wp-block-list\"><li>R\u00e9flexion autour de la question de la pr\u00e9carit\u00e9 menstruelle et de l&rsquo;accessibilit\u00e9 des pr\u00e9servatifs au lyc\u00e9e (et plus g\u00e9n\u00e9ralement de la sant\u00e9 au lyc\u00e9e).<\/li><\/ul>\n\n\n\n<p>Enfin la MDL participe financi\u00e8rement&nbsp;:<\/p>\n\n\n\n<ul class=\"wp-block-list\"><li>Aux sorties et voyages scolaires<\/li><li>Aux initiatives et activit\u00e9s artistiques ou sportives du lyc\u00e9e Marie Curie, (depuis 3 ans l&rsquo;atelier th\u00e9\u00e2tre du lyc\u00e9e permettant ainsi aux \u00e9l\u00e8ves de r\u00e9duire le co\u00fbt du parcours de spectateur ou de participer \u00e0 la r\u00e9alisation du spectacle de fin d&rsquo;ann\u00e9e, les concerts organis\u00e9s dans le lyc\u00e9e par les \u00e9l\u00e8ves&nbsp;musiciens, et plus g\u00e9n\u00e9ralement les projets de la section musique).<\/li><\/ul>\n\n\n\n<p><\/p>\n","protected":false},"excerpt":{"rendered":"<p>\u00ab&nbsp;La Maison des lyc\u00e9ens (MDL) est un outil au service des lyc\u00e9ens. Elle aide au d\u00e9veloppement de la vie culturelle au lyc\u00e9e et donne aux \u00e9l\u00e8ves l&rsquo;occasion de s&rsquo;engager dans des projets, de faire l&rsquo;apprentissage de leur autonomie et de&#8230;<\/p>\n","protected":false},"author":15,"featured_media":0,"parent":0,"menu_order":0,"comment_status":"closed","ping_status":"closed","template":"","meta":{"footnotes":""},"class_list":["post-2846","page","type-page","status-publish","hentry","no-post-thumbnail"],"_links":{"self":[{"href":"https:\/\/www.lycee-mariecurie.org\/index.php\/wp-json\/wp\/v2\/pages\/2846","targetHints":{"allow":["GET"]}}],"collection":[{"href":"https:\/\/www.lycee-mariecurie.org\/index.php\/wp-json\/wp\/v2\/pages"}],"about":[{"href":"https:\/\/www.lycee-mariecurie.org\/index.php\/wp-json\/wp\/v2\/types\/page"}],"author":[{"embeddable":true,"href":"https:\/\/www.lycee-mariecurie.org\/index.php\/wp-json\/wp\/v2\/users\/15"}],"replies":[{"embeddable":true,"href":"https:\/\/www.lycee-mariecurie.org\/index.php\/wp-json\/wp\/v2\/comments?post=2846"}],"version-history":[{"count":1,"href":"https:\/\/www.lycee-mariecurie.org\/index.php\/wp-json\/wp\/v2\/pages\/2846\/revisions"}],"predecessor-version":[{"id":2847,"href":"https:\/\/www.lycee-mariecurie.org\/index.php\/wp-json\/wp\/v2\/pages\/2846\/revisions\/2847"}],"wp:attachment":[{"href":"https:\/\/www.lycee-mariecurie.org\/index.php\/wp-json\/wp\/v2\/media?parent=2846"}],"curies":[{"name":"wp","href":"https:\/\/api.w.org\/{rel}","templated":true}]}}