{"id":2735,"date":"2021-03-09T20:34:02","date_gmt":"2021-03-09T19:34:02","guid":{"rendered":"https:\/\/www.lycee-mariecurie.org\/?page_id=2735"},"modified":"2026-03-09T09:49:34","modified_gmt":"2026-03-09T08:49:34","slug":"la-classe-a-ouverture-europeenne","status":"publish","type":"page","link":"https:\/\/www.lycee-mariecurie.org\/index.php\/la-classe-a-ouverture-europeenne\/","title":{"rendered":"Classe\u00a0Europe : Mod\u00e9lisation d&rsquo;un Conseil de l&rsquo;Europe\u00a0"},"content":{"rendered":"\n<figure class=\"wp-block-image size-large\"><img loading=\"lazy\" decoding=\"async\" width=\"784\" height=\"434\" src=\"https:\/\/www.lycee-mariecurie.org\/wp-content\/uploads\/2021\/03\/classe_europeenne.png\" alt=\"\" class=\"wp-image-2739\" srcset=\"https:\/\/www.lycee-mariecurie.org\/wp-content\/uploads\/2021\/03\/classe_europeenne.png 784w, https:\/\/www.lycee-mariecurie.org\/wp-content\/uploads\/2021\/03\/classe_europeenne-300x166.png 300w\" sizes=\"auto, (max-width: 784px) 100vw, 784px\" \/><\/figure>\n\n\n\n<p><\/p>\n\n\n\n<figure class=\"wp-block-gallery has-nested-images columns-default is-cropped wp-block-gallery-1 is-layout-flex wp-block-gallery-is-layout-flex\">\n<figure class=\"wp-block-image size-large\"><img loading=\"lazy\" decoding=\"async\" width=\"410\" height=\"1024\" data-id=\"5970\" src=\"https:\/\/www.lycee-mariecurie.org\/wp-content\/uploads\/2026\/03\/Flyer-Classe-Europe-2627_page-0002-410x1024.jpg\" alt=\"\" class=\"wp-image-5970\" srcset=\"https:\/\/www.lycee-mariecurie.org\/wp-content\/uploads\/2026\/03\/Flyer-Classe-Europe-2627_page-0002-410x1024.jpg 410w, https:\/\/www.lycee-mariecurie.org\/wp-content\/uploads\/2026\/03\/Flyer-Classe-Europe-2627_page-0002-120x300.jpg 120w, https:\/\/www.lycee-mariecurie.org\/wp-content\/uploads\/2026\/03\/Flyer-Classe-Europe-2627_page-0002-819x2048.jpg 819w, https:\/\/www.lycee-mariecurie.org\/wp-content\/uploads\/2026\/03\/Flyer-Classe-Europe-2627_page-0002-scaled.jpg 1024w\" sizes=\"auto, (max-width: 410px) 100vw, 410px\" \/><\/figure>\n\n\n\n<figure class=\"wp-block-image size-large\"><img loading=\"lazy\" decoding=\"async\" width=\"410\" height=\"1024\" data-id=\"5971\" src=\"https:\/\/www.lycee-mariecurie.org\/wp-content\/uploads\/2026\/03\/Flyer-Classe-Europe-2627_page-0001-410x1024.jpg\" alt=\"\" class=\"wp-image-5971\" srcset=\"https:\/\/www.lycee-mariecurie.org\/wp-content\/uploads\/2026\/03\/Flyer-Classe-Europe-2627_page-0001-410x1024.jpg 410w, https:\/\/www.lycee-mariecurie.org\/wp-content\/uploads\/2026\/03\/Flyer-Classe-Europe-2627_page-0001-120x300.jpg 120w, https:\/\/www.lycee-mariecurie.org\/wp-content\/uploads\/2026\/03\/Flyer-Classe-Europe-2627_page-0001-819x2048.jpg 819w, https:\/\/www.lycee-mariecurie.org\/wp-content\/uploads\/2026\/03\/Flyer-Classe-Europe-2627_page-0001-scaled.jpg 1024w\" sizes=\"auto, (max-width: 410px) 100vw, 410px\" \/><\/figure>\n<\/figure>\n\n\n\n<p><strong>Flyer \u00e0 t\u00e9l\u00e9charger : <\/strong><\/p>\n\n\n\n<div data-wp-interactive=\"core\/file\" class=\"wp-block-file\"><object data-wp-bind--hidden=\"!state.hasPdfPreview\" hidden class=\"wp-block-file__embed\" data=\"https:\/\/www.lycee-mariecurie.org\/wp-content\/uploads\/2026\/03\/Flyer-Classe-Europe-2627.pdf\" type=\"application\/pdf\" style=\"width:100%;height:600px\" aria-label=\"Contenu embarqu\u00e9 Flyer Classe Europe 2627.\"><\/object><a id=\"wp-block-file--media-0dc39457-72a3-44d2-8b66-6c108957d833\" href=\"https:\/\/www.lycee-mariecurie.org\/wp-content\/uploads\/2026\/03\/Flyer-Classe-Europe-2627.pdf\">Flyer Classe Europe 2627<\/a><a href=\"https:\/\/www.lycee-mariecurie.org\/wp-content\/uploads\/2026\/03\/Flyer-Classe-Europe-2627.pdf\" class=\"wp-block-file__button wp-element-button\" download aria-describedby=\"wp-block-file--media-0dc39457-72a3-44d2-8b66-6c108957d833\">T\u00e9l\u00e9charger<\/a><\/div>\n\n\n\n<p><\/p>\n\n\n\n<p><strong>Fiche de candidature : <\/strong><\/p>\n\n\n\n<div data-wp-interactive=\"core\/file\" class=\"wp-block-file\"><object data-wp-bind--hidden=\"!state.hasPdfPreview\" hidden class=\"wp-block-file__embed\" data=\"https:\/\/www.lycee-mariecurie.org\/wp-content\/uploads\/2026\/02\/Classe-EUROPE_Fiche-candidature-1-1.pdf\" type=\"application\/pdf\" style=\"width:100%;height:600px\" aria-label=\"Contenu embarqu\u00e9 Classe EUROPE_Fiche candidature.\"><\/object><a id=\"wp-block-file--media-72aaf5ae-840a-4bba-8c52-32e4932446e5\" href=\"https:\/\/www.lycee-mariecurie.org\/wp-content\/uploads\/2026\/02\/Classe-EUROPE_Fiche-candidature-1-1.pdf\">Classe EUROPE_Fiche candidature<\/a><a href=\"https:\/\/www.lycee-mariecurie.org\/wp-content\/uploads\/2026\/02\/Classe-EUROPE_Fiche-candidature-1-1.pdf\" class=\"wp-block-file__button wp-element-button\" download aria-describedby=\"wp-block-file--media-72aaf5ae-840a-4bba-8c52-32e4932446e5\">T\u00e9l\u00e9charger<\/a><\/div>\n","protected":false},"excerpt":{"rendered":"<p>Flyer \u00e0 t\u00e9l\u00e9charger : Fiche de candidature :<\/p>\n","protected":false},"author":1,"featured_media":0,"parent":0,"menu_order":0,"comment_status":"closed","ping_status":"closed","template":"","meta":{"footnotes":""},"class_list":["post-2735","page","type-page","status-publish","hentry","no-post-thumbnail"],"_links":{"self":[{"href":"https:\/\/www.lycee-mariecurie.org\/index.php\/wp-json\/wp\/v2\/pages\/2735","targetHints":{"allow":["GET"]}}],"collection":[{"href":"https:\/\/www.lycee-mariecurie.org\/index.php\/wp-json\/wp\/v2\/pages"}],"about":[{"href":"https:\/\/www.lycee-mariecurie.org\/index.php\/wp-json\/wp\/v2\/types\/page"}],"author":[{"embeddable":true,"href":"https:\/\/www.lycee-mariecurie.org\/index.php\/wp-json\/wp\/v2\/users\/1"}],"replies":[{"embeddable":true,"href":"https:\/\/www.lycee-mariecurie.org\/index.php\/wp-json\/wp\/v2\/comments?post=2735"}],"version-history":[{"count":7,"href":"https:\/\/www.lycee-mariecurie.org\/index.php\/wp-json\/wp\/v2\/pages\/2735\/revisions"}],"predecessor-version":[{"id":5973,"href":"https:\/\/www.lycee-mariecurie.org\/index.php\/wp-json\/wp\/v2\/pages\/2735\/revisions\/5973"}],"wp:attachment":[{"href":"https:\/\/www.lycee-mariecurie.org\/index.php\/wp-json\/wp\/v2\/media?parent=2735"}],"curies":[{"name":"wp","href":"https:\/\/api.w.org\/{rel}","templated":true}]}}