{"id":2672,"date":"2021-02-19T07:47:33","date_gmt":"2021-02-19T06:47:33","guid":{"rendered":"https:\/\/www.lycee-mariecurie.org\/?page_id=2672"},"modified":"2022-06-07T12:07:15","modified_gmt":"2022-06-07T10:07:15","slug":"options","status":"publish","type":"page","link":"https:\/\/www.lycee-mariecurie.org\/index.php\/options\/","title":{"rendered":"Les Options"},"content":{"rendered":"\n<h4 class=\"wp-block-heading\"><strong>Les options propos\u00e9es de la seconde \u00e0 la terminale<\/strong> :<\/h4>\n\n\n\n<p><strong>italien LVC, espagnol LVC, latin<\/strong><\/p>\n\n\n\n<figure class=\"wp-block-video\"><video height=\"1080\" style=\"aspect-ratio: 1440 \/ 1080;\" width=\"1440\" controls src=\"https:\/\/www.lycee-mariecurie.org\/wp-content\/uploads\/2021\/03\/Loption-LCA-Latin-au-lycee-Marie-Curie.mp4\"><\/video><\/figure>\n\n\n\n<h4 class=\"wp-block-heading\"><strong>Les options propos\u00e9es uniquement en terminale<\/strong><\/h4>\n\n\n\n<p><strong>DGEMC : Droit et Grands Enjeux du Monde Contemporain<\/strong><\/p>\n\n\n\n<figure class=\"wp-block-video\"><\/figure>\n\n\n\n<div data-wp-interactive=\"core\/file\" class=\"wp-block-file\"><object data-wp-bind--hidden=\"!state.hasPdfPreview\" hidden class=\"wp-block-file__embed\" data=\"https:\/\/www.lycee-mariecurie.org\/wp-content\/uploads\/2021\/06\/presentation-DGEMC-avr21.pdf\" type=\"application\/pdf\" style=\"width:100%;height:600px\" aria-label=\"Contenu embarqu\u00e9 Contenu embarqu\u00e9 presentation-DGEMC-avr21..\"><\/object><a href=\"https:\/\/www.lycee-mariecurie.org\/wp-content\/uploads\/2021\/06\/presentation-DGEMC-avr21.pdf\">presentation-DGEMC-avr21<\/a><a href=\"https:\/\/www.lycee-mariecurie.org\/wp-content\/uploads\/2021\/06\/presentation-DGEMC-avr21.pdf\" class=\"wp-block-file__button\" download>T\u00e9l\u00e9charger<\/a><\/div>\n\n\n\n<div class=\"wp-block-file\"><a href=\"https:\/\/www.lycee-mariecurie.org\/wp-content\/uploads\/2021\/06\/DGEMC.jpg\">DGEMC<\/a><a href=\"https:\/\/www.lycee-mariecurie.org\/wp-content\/uploads\/2021\/06\/DGEMC.jpg\" class=\"wp-block-file__button\" download>T\u00e9l\u00e9charger<\/a><\/div>\n\n\n\n<p><strong>Option Maths Expertes<\/strong><\/p>\n\n\n\n<figure class=\"wp-block-image size-large\"><img loading=\"lazy\" decoding=\"async\" width=\"856\" height=\"480\" src=\"https:\/\/www.lycee-mariecurie.org\/wp-content\/uploads\/2021\/03\/option_maths_expertes.png\" alt=\"\" class=\"wp-image-2730\" srcset=\"https:\/\/www.lycee-mariecurie.org\/wp-content\/uploads\/2021\/03\/option_maths_expertes.png 856w, https:\/\/www.lycee-mariecurie.org\/wp-content\/uploads\/2021\/03\/option_maths_expertes-300x168.png 300w\" sizes=\"auto, (max-width: 856px) 100vw, 856px\" \/><\/figure>\n\n\n\n<div class=\"wp-block-file\"><a href=\"https:\/\/www.lycee-mariecurie.org\/wp-content\/uploads\/2021\/03\/option-maths-expertes.pdf\">option-maths-expertes<\/a><a href=\"https:\/\/www.lycee-mariecurie.org\/wp-content\/uploads\/2021\/03\/option-maths-expertes.pdf\" class=\"wp-block-file__button\" download>T\u00e9l\u00e9charger<\/a><\/div>\n\n\n\n<p><strong>Option Maths Compl\u00e9mentaires<\/strong><\/p>\n\n\n\n<figure class=\"wp-block-video\"><video height=\"756\" style=\"aspect-ratio: 1008 \/ 756;\" width=\"1008\" controls src=\"https:\/\/www.lycee-mariecurie.org\/wp-content\/uploads\/2022\/06\/Presentation-3.mp4\"><\/video><\/figure>\n\n\n\n<div data-wp-interactive=\"core\/file\" class=\"wp-block-file\"><object data-wp-bind--hidden=\"!state.hasPdfPreview\" hidden class=\"wp-block-file__embed\" data=\"https:\/\/www.lycee-mariecurie.org\/wp-content\/uploads\/2022\/06\/Presentation-1.pdf\" type=\"application\/pdf\" style=\"width:100%;height:600px\" aria-label=\"Contenu embarqu\u00e9 Contenu embarqu\u00e9 Presentation-1..\"><\/object><a href=\"https:\/\/www.lycee-mariecurie.org\/wp-content\/uploads\/2022\/06\/Presentation-1.pdf\">Presentation-1<\/a><a href=\"https:\/\/www.lycee-mariecurie.org\/wp-content\/uploads\/2022\/06\/Presentation-1.pdf\" class=\"wp-block-file__button\" download>T\u00e9l\u00e9charger<\/a><\/div>\n","protected":false},"excerpt":{"rendered":"<p>Les options propos\u00e9es de la seconde \u00e0 la terminale : italien LVC, espagnol LVC, latin Les options propos\u00e9es uniquement en terminale DGEMC : Droit et Grands Enjeux du Monde Contemporain Option Maths Expertes Option Maths Compl\u00e9mentaires<\/p>\n","protected":false},"author":1,"featured_media":0,"parent":0,"menu_order":0,"comment_status":"closed","ping_status":"closed","template":"","meta":{"footnotes":""},"class_list":["post-2672","page","type-page","status-publish","hentry","no-post-thumbnail"],"_links":{"self":[{"href":"https:\/\/www.lycee-mariecurie.org\/index.php\/wp-json\/wp\/v2\/pages\/2672","targetHints":{"allow":["GET"]}}],"collection":[{"href":"https:\/\/www.lycee-mariecurie.org\/index.php\/wp-json\/wp\/v2\/pages"}],"about":[{"href":"https:\/\/www.lycee-mariecurie.org\/index.php\/wp-json\/wp\/v2\/types\/page"}],"author":[{"embeddable":true,"href":"https:\/\/www.lycee-mariecurie.org\/index.php\/wp-json\/wp\/v2\/users\/1"}],"replies":[{"embeddable":true,"href":"https:\/\/www.lycee-mariecurie.org\/index.php\/wp-json\/wp\/v2\/comments?post=2672"}],"version-history":[{"count":14,"href":"https:\/\/www.lycee-mariecurie.org\/index.php\/wp-json\/wp\/v2\/pages\/2672\/revisions"}],"predecessor-version":[{"id":3534,"href":"https:\/\/www.lycee-mariecurie.org\/index.php\/wp-json\/wp\/v2\/pages\/2672\/revisions\/3534"}],"wp:attachment":[{"href":"https:\/\/www.lycee-mariecurie.org\/index.php\/wp-json\/wp\/v2\/media?parent=2672"}],"curies":[{"name":"wp","href":"https:\/\/api.w.org\/{rel}","templated":true}]}}