{"id":2661,"date":"2021-01-01T23:03:00","date_gmt":"2021-01-01T22:03:00","guid":{"rendered":"https:\/\/www.lycee-mariecurie.org\/?p=2661"},"modified":"2025-06-02T13:45:35","modified_gmt":"2025-06-02T11:45:35","slug":"latelier-theatre-du-lycee","status":"publish","type":"page","link":"https:\/\/www.lycee-mariecurie.org\/index.php\/latelier-theatre-du-lycee\/","title":{"rendered":"L&rsquo;atelier th\u00e9\u00e2tre du lyc\u00e9e"},"content":{"rendered":"\n<p>Il a lieu le mercredi de 15h \u00e0 17h d&rsquo;octobre \u00e0 mai.<\/p>\n\n\n\n<p>Il est dirig\u00e9 par un enseignant certifi\u00e9 en th\u00e9\u00e2tre, M Wimmer-Nejman  et une metteure en sc\u00e8ne, Sabine Lemler (de la compagnie VIA).<\/p>\n\n\n\n<p>Ils r\u00e9fl\u00e9chissent ensemble au programme p\u00e9dagogique, au texte travaill\u00e9 et aux spectacles que les \u00e9l\u00e8ves iront voir dans l\u2019ann\u00e9e.<\/p>\n\n\n\n<p>Le programme p\u00e9dagogique aborde les fondamentaux du th\u00e9\u00e2tre \u00e0 savoir le souffle, l&rsquo;occupation de l&rsquo;espace, l&rsquo;incarnation des personnages, la gestion de son corps etc.<\/p>\n\n\n\n<p>C&rsquo;est \u00e9galement de concert que M Wimmer-Nejman et Sabine Lemler choisissent les textes travaill\u00e9s, en alternant \u00e9criture contemporaine et \u00e9criture classique  : en 2018-2019 : <em>R\u00eaves<\/em> de Wajdi Mouawad ; 2019-2020 : <em>La Vie est un songe <\/em>de Pedro Calderon de la Barca ; 2020-2021 : <em>Assoiff\u00e9s<\/em> de Wajdi Mouawad) ; en 2021-2022 : <em>Hamlet <\/em>de William Shakespeare (associ\u00e9 au <em>Jour du meurtres dans l&rsquo;histoire d&rsquo;Hamlet<\/em> de Bernard-Marie Kolt\u00e8s) ; en 2022-20232 : <em>Juste la fin du monde<\/em> de Jean-Luc Lagarce.<\/p>\n\n\n\n<p>Parce qu&rsquo;on ne fait pas de th\u00e9\u00e2tre sans en voir, l&rsquo;atelier s&rsquo;accompagne d&rsquo;un parcours de spectateur choisi avant tout dans la programmation du TNS, mais \u00e9galement des TAPS, qui permet de rencontrer des artistes (com\u00e9dien-ne-s, metteur-e-s en sc\u00e8ne, \u00e9l\u00e8ves de l&rsquo;\u00e9cole du TNS) afin d\u2019\u00e9changer, de construire une solide culture th\u00e9\u00e2trale et de donner des perspectives possibles d&rsquo;orientation.<\/p>\n\n\n\n<p><strong>Pour tous renseignements et informations, vous pouvez contacter M Wimmer-Nejman :<\/strong> david.wimmer-nejman@ac-strasbourg.fr<\/p>\n\n\n\n<p><\/p>\n\n\n\n<p><strong>Vid\u00e9o de pr\u00e9sentation de l&rsquo;atelier th\u00e9\u00e2tre du lyc\u00e9e <\/strong><\/p>\n\n\n\n<figure class=\"wp-block-video aligncenter\"><video height=\"540\" style=\"aspect-ratio: 960 \/ 540;\" width=\"960\" controls src=\"https:\/\/www.lycee-mariecurie.org\/wp-content\/uploads\/2024\/09\/presentation-de-l-atelier-theatre-du-lycee-marie-curie-2024_aOQfePxH.mp4\"><\/video><\/figure>\n\n\n\n<p>________________________________________________________________________________________________________________<\/p>\n\n\n\n<p><strong>SPECTACLE 2024\/2025<\/strong><\/p>\n\n\n\n<p><\/p>\n\n\n\n<p><strong><em>\u00ab\u00a0S&rsquo;il te pla\u00eet, apprivoise-moi\u00a0\u00bb<\/em><\/strong><\/p>\n\n\n\n<p><\/p>\n\n\n\n<figure class=\"wp-block-embed aligncenter is-type-video is-provider-youtube wp-block-embed-youtube wp-embed-aspect-16-9 wp-has-aspect-ratio\"><div class=\"wp-block-embed__wrapper\">\n<iframe loading=\"lazy\" title=\"S&#039;il te palit apprivoise moi\" width=\"640\" height=\"360\" src=\"https:\/\/www.youtube.com\/embed\/lDPg7crP4BQ?feature=oembed\" frameborder=\"0\" allow=\"accelerometer; autoplay; clipboard-write; encrypted-media; gyroscope; picture-in-picture; web-share\" referrerpolicy=\"strict-origin-when-cross-origin\" allowfullscreen><\/iframe>\n<\/div><\/figure>\n\n\n\n<p><\/p>\n\n\n\n<p><strong>SPECTACLE 2023-2024<\/strong><\/p>\n\n\n\n<p><strong><em>Les Amants maudits<\/em><\/strong> d&rsquo;apr\u00e8s <em>Rom\u00e9o et Juliette<\/em> de William Shakespeare<\/p>\n\n\n\n<figure class=\"wp-block-embed is-type-video is-provider-youtube wp-block-embed-youtube wp-embed-aspect-16-9 wp-has-aspect-ratio\"><div class=\"wp-block-embed__wrapper\">\n<iframe loading=\"lazy\" title=\"Les Amants maudits\" width=\"640\" height=\"360\" src=\"https:\/\/www.youtube.com\/embed\/7yogAMViN9s?feature=oembed\" frameborder=\"0\" allow=\"accelerometer; autoplay; clipboard-write; encrypted-media; gyroscope; picture-in-picture; web-share\" referrerpolicy=\"strict-origin-when-cross-origin\" allowfullscreen><\/iframe>\n<\/div><\/figure>\n\n\n\n<p><strong>SPECTACLE 2022-2023<\/strong><\/p>\n\n\n\n<p><strong><em>Le Fils prodigue<\/em><\/strong>, d&rsquo;apr\u00e8s <em>Juste la fin du monde<\/em> de Jean-Luc Lagarce<\/p>\n\n\n\n<figure class=\"wp-block-embed is-type-video is-provider-youtube wp-block-embed-youtube wp-embed-aspect-16-9 wp-has-aspect-ratio\"><div class=\"wp-block-embed__wrapper\">\n<iframe loading=\"lazy\" title=\"&quot;Le Fils prodigue&quot;, spectacle des \u00e9l\u00e8ves de l&#039;atelier th\u00e9\u00e2tre 27 mai 2023\" width=\"640\" height=\"360\" src=\"https:\/\/www.youtube.com\/embed\/4QSchh3t-vc?feature=oembed\" frameborder=\"0\" allow=\"accelerometer; autoplay; clipboard-write; encrypted-media; gyroscope; picture-in-picture; web-share\" referrerpolicy=\"strict-origin-when-cross-origin\" allowfullscreen><\/iframe>\n<\/div><\/figure>\n\n\n\n<p> <strong>SPECTACLE 2021-2022<\/strong><\/p>\n\n\n\n<p><strong><em>Les Hamlets<\/em><\/strong> d&rsquo;apr\u00e8s <em>Hamlet <\/em>de William Shakespeare (traduction d&rsquo;Yves Bonnefoy et de Jean-Michel D\u00e9prats) et<em> Le Jour des meurtres dans l&rsquo;histoire d&rsquo;Hamlet <\/em>de Bernard-Marie Kolt\u00e8s <\/p>\n\n\n\n<p><\/p>\n\n\n\n<figure class=\"wp-block-embed is-type-video is-provider-youtube wp-block-embed-youtube wp-embed-aspect-16-9 wp-has-aspect-ratio\"><div class=\"wp-block-embed__wrapper\">\n<iframe loading=\"lazy\" title=\"Les Hamlets\" width=\"640\" height=\"360\" src=\"https:\/\/www.youtube.com\/embed\/MBBcOOAsZMA?feature=oembed\" frameborder=\"0\" allow=\"accelerometer; autoplay; clipboard-write; encrypted-media; gyroscope; picture-in-picture; web-share\" referrerpolicy=\"strict-origin-when-cross-origin\" allowfullscreen><\/iframe>\n<\/div><\/figure>\n\n\n\n<p><strong>SPECTACLE 2020-2021<\/strong><\/p>\n\n\n\n<p><strong>Les Assoiff\u00e9s <\/strong>d&rsquo;apr\u00e8s <em>Assoiff\u00e9s <\/em>de Wajdi Mouawad, captation film\u00e9e r\u00e9alis\u00e9e au lyc\u00e9e Marie Curie le 20 mai 2021 (int\u00e9grale)<\/p>\n\n\n\n<p><\/p>\n\n\n\n<figure class=\"wp-block-embed is-type-video is-provider-youtube wp-block-embed-youtube wp-embed-aspect-16-9 wp-has-aspect-ratio\"><div class=\"wp-block-embed__wrapper\">\n<iframe loading=\"lazy\" title=\"Les Assoiff\u00e9s\" width=\"640\" height=\"360\" src=\"https:\/\/www.youtube.com\/embed\/vOPHCcxIBTk?feature=oembed\" frameborder=\"0\" allow=\"accelerometer; autoplay; clipboard-write; encrypted-media; gyroscope; picture-in-picture; web-share\" referrerpolicy=\"strict-origin-when-cross-origin\" allowfullscreen><\/iframe>\n<\/div><\/figure>\n\n\n\n<p><\/p>\n\n\n\n<p><strong>SPECTACLES DES ANNEES PRECEDENTES<\/strong><\/p>\n\n\n\n<p><\/p>\n\n\n\n<p><strong><em>Divagation Composite<\/em><\/strong>, le film r\u00e9alis\u00e9 en confinement \u00e0 partir de <em>La Vie est un songe <\/em>de Pedro Calderon de la Barca en 2019\/2020 (int\u00e9gral)<\/p>\n\n\n\n<figure class=\"wp-block-embed is-type-video is-provider-youtube wp-block-embed-youtube wp-embed-aspect-16-9 wp-has-aspect-ratio\"><div class=\"wp-block-embed__wrapper\">\n<iframe loading=\"lazy\" title=\"Divagation Composite\" width=\"640\" height=\"360\" src=\"https:\/\/www.youtube.com\/embed\/HmVlmf0bycE?feature=oembed\" frameborder=\"0\" allow=\"accelerometer; autoplay; clipboard-write; encrypted-media; gyroscope; picture-in-picture; web-share\" referrerpolicy=\"strict-origin-when-cross-origin\" allowfullscreen><\/iframe>\n<\/div><\/figure>\n\n\n\n<p><strong><em>R\u00eaves &#8230; les miens &#8230; les tiens &#8230; les siens<\/em><\/strong>, spectacle de l&rsquo;atelier th\u00e9\u00e2tre d&rsquo;apr\u00e8s <em>R\u00eaves <\/em>de Wajdi Mouawad en 2018\/2019 (int\u00e9gral)<\/p>\n\n\n\n<p><\/p>\n\n\n\n<figure class=\"wp-block-embed is-type-video is-provider-youtube wp-block-embed-youtube wp-embed-aspect-16-9 wp-has-aspect-ratio\"><div class=\"wp-block-embed__wrapper\">\n<iframe loading=\"lazy\" title=\"R\u00eaves ... les miens, les tiens, les siens\" width=\"640\" height=\"360\" src=\"https:\/\/www.youtube.com\/embed\/4d6NlgXzHTU?feature=oembed\" frameborder=\"0\" allow=\"accelerometer; autoplay; clipboard-write; encrypted-media; gyroscope; picture-in-picture; web-share\" referrerpolicy=\"strict-origin-when-cross-origin\" allowfullscreen><\/iframe>\n<\/div><\/figure>\n\n\n\n<p><\/p>\n","protected":false},"excerpt":{"rendered":"<p>Il a lieu le mercredi de 15h \u00e0 17h d&rsquo;octobre \u00e0 mai. Il est dirig\u00e9 par un enseignant certifi\u00e9 en th\u00e9\u00e2tre, M Wimmer-Nejman et une metteure en sc\u00e8ne, Sabine Lemler (de la compagnie VIA). Ils r\u00e9fl\u00e9chissent ensemble au programme p\u00e9dagogique,&#8230;<\/p>\n","protected":false},"author":15,"featured_media":2606,"parent":0,"menu_order":0,"comment_status":"closed","ping_status":"closed","template":"","meta":{"footnotes":""},"class_list":["post-2661","page","type-page","status-publish","has-post-thumbnail","hentry"],"_links":{"self":[{"href":"https:\/\/www.lycee-mariecurie.org\/index.php\/wp-json\/wp\/v2\/pages\/2661","targetHints":{"allow":["GET"]}}],"collection":[{"href":"https:\/\/www.lycee-mariecurie.org\/index.php\/wp-json\/wp\/v2\/pages"}],"about":[{"href":"https:\/\/www.lycee-mariecurie.org\/index.php\/wp-json\/wp\/v2\/types\/page"}],"author":[{"embeddable":true,"href":"https:\/\/www.lycee-mariecurie.org\/index.php\/wp-json\/wp\/v2\/users\/15"}],"replies":[{"embeddable":true,"href":"https:\/\/www.lycee-mariecurie.org\/index.php\/wp-json\/wp\/v2\/comments?post=2661"}],"version-history":[{"count":18,"href":"https:\/\/www.lycee-mariecurie.org\/index.php\/wp-json\/wp\/v2\/pages\/2661\/revisions"}],"predecessor-version":[{"id":5510,"href":"https:\/\/www.lycee-mariecurie.org\/index.php\/wp-json\/wp\/v2\/pages\/2661\/revisions\/5510"}],"wp:featuredmedia":[{"embeddable":true,"href":"https:\/\/www.lycee-mariecurie.org\/index.php\/wp-json\/wp\/v2\/media\/2606"}],"wp:attachment":[{"href":"https:\/\/www.lycee-mariecurie.org\/index.php\/wp-json\/wp\/v2\/media?parent=2661"}],"curies":[{"name":"wp","href":"https:\/\/api.w.org\/{rel}","templated":true}]}}