{"id":2627,"date":"2021-02-14T18:28:42","date_gmt":"2021-02-14T17:28:42","guid":{"rendered":"https:\/\/www.lycee-mariecurie.org\/?page_id=2627"},"modified":"2021-02-14T18:28:42","modified_gmt":"2021-02-14T17:28:42","slug":"premiere-stmg","status":"publish","type":"page","link":"https:\/\/www.lycee-mariecurie.org\/index.php\/premiere-stmg\/","title":{"rendered":"Premi\u00e8re STMG"},"content":{"rendered":"\n<figure class=\"wp-block-table is-style-stripes\"><table><thead><tr><th>Enseignement<\/th><th>Volumes horaires en classe de premi\u00e8re et de terminale<\/th><\/tr><\/thead><tbody><tr><td>Fran\u00e7ais<\/td><td>3 h en classe de premi\u00e8re<\/td><\/tr><tr><td>Histoire-g\u00e9ographie<\/td><td>1 h 30<\/td><\/tr><tr><td>Enseignement moral et civique<\/td><td>18 h annuelles<\/td><\/tr><tr><td>Langues vivantes A et B + enseignement technologique en langue vivante A <sup>(1)<\/sup><\/td><td>4 h (dont 1 heure d\u2019ETLV)<\/td><\/tr><tr><td>\u00c9ducation physique et sportive<\/td><td>2 h<\/td><\/tr><tr><td>Math\u00e9matiques<\/td><td>3 h<\/td><\/tr><\/tbody><\/table><\/figure>\n\n\n\n<figure class=\"wp-block-table is-style-stripes\"><table><thead><tr><th>Enseignements de sp\u00e9cialit\u00e9 de premi\u00e8re<\/th><th>Horaire \u00e9l\u00e8ve<\/th><\/tr><\/thead><tbody><tr><td>Sciences de gestion et num\u00e9rique<\/td><td>7h<\/td><\/tr><tr><td>Management<\/td><td>4h<\/td><\/tr><tr><td>Droit et \u00e9conomie<\/td><td>4h<\/td><\/tr><\/tbody><\/table><\/figure>\n\n\n\n<p><a href=\"https:\/\/eduscol.education.fr\/1742\/programmes-et-ressources-en-serie-stmg\">https:\/\/eduscol.education.fr\/1742\/programmes-et-ressources-en-serie-stmg<\/a><\/p>\n","protected":false},"excerpt":{"rendered":"<p>Enseignement Volumes horaires en classe de premi\u00e8re et de terminale Fran\u00e7ais 3 h en classe de premi\u00e8re Histoire-g\u00e9ographie 1 h 30 Enseignement moral et civique 18 h annuelles Langues vivantes A et B + enseignement technologique en langue vivante A&#8230;<\/p>\n","protected":false},"author":1,"featured_media":0,"parent":0,"menu_order":0,"comment_status":"closed","ping_status":"closed","template":"","meta":{"footnotes":""},"class_list":["post-2627","page","type-page","status-publish","hentry","no-post-thumbnail"],"_links":{"self":[{"href":"https:\/\/www.lycee-mariecurie.org\/index.php\/wp-json\/wp\/v2\/pages\/2627","targetHints":{"allow":["GET"]}}],"collection":[{"href":"https:\/\/www.lycee-mariecurie.org\/index.php\/wp-json\/wp\/v2\/pages"}],"about":[{"href":"https:\/\/www.lycee-mariecurie.org\/index.php\/wp-json\/wp\/v2\/types\/page"}],"author":[{"embeddable":true,"href":"https:\/\/www.lycee-mariecurie.org\/index.php\/wp-json\/wp\/v2\/users\/1"}],"replies":[{"embeddable":true,"href":"https:\/\/www.lycee-mariecurie.org\/index.php\/wp-json\/wp\/v2\/comments?post=2627"}],"version-history":[{"count":1,"href":"https:\/\/www.lycee-mariecurie.org\/index.php\/wp-json\/wp\/v2\/pages\/2627\/revisions"}],"predecessor-version":[{"id":2628,"href":"https:\/\/www.lycee-mariecurie.org\/index.php\/wp-json\/wp\/v2\/pages\/2627\/revisions\/2628"}],"wp:attachment":[{"href":"https:\/\/www.lycee-mariecurie.org\/index.php\/wp-json\/wp\/v2\/media?parent=2627"}],"curies":[{"name":"wp","href":"https:\/\/api.w.org\/{rel}","templated":true}]}}