{"id":1010,"date":"2017-05-04T12:39:11","date_gmt":"2017-05-04T10:39:11","guid":{"rendered":"http:\/\/dev.lycee-mariecurie.org\/?page_id=1010"},"modified":"2024-09-27T07:53:04","modified_gmt":"2024-09-27T05:53:04","slug":"presentation-du-cdi","status":"publish","type":"page","link":"https:\/\/www.lycee-mariecurie.org\/index.php\/presentation-du-cdi\/","title":{"rendered":"Le CDI"},"content":{"rendered":"\n<figure class=\"wp-block-image size-large\"><img loading=\"lazy\" decoding=\"async\" width=\"1024\" height=\"768\" src=\"https:\/\/www.lycee-mariecurie.org\/wp-content\/uploads\/2021\/03\/IMG_1130-1024x768.jpg\" alt=\"\" class=\"wp-image-2758\" srcset=\"https:\/\/www.lycee-mariecurie.org\/wp-content\/uploads\/2021\/03\/IMG_1130-1024x768.jpg 1024w, https:\/\/www.lycee-mariecurie.org\/wp-content\/uploads\/2021\/03\/IMG_1130-300x225.jpg 300w, https:\/\/www.lycee-mariecurie.org\/wp-content\/uploads\/2021\/03\/IMG_1130-1536x1152.jpg 1536w, https:\/\/www.lycee-mariecurie.org\/wp-content\/uploads\/2021\/03\/IMG_1130.jpg 1576w\" sizes=\"auto, (max-width: 1024px) 100vw, 1024px\" \/><\/figure>\n\n\n<p style=\"text-align: justify;\">Ouvert aux \u00e9l\u00e8ves et \u00e0 l\u2019ensemble du personnel \u00e9ducatif pour r\u00e9pondre \u00e0 leurs besoins en termes de documentation et d\u2019information, le CDI du lyc\u00e9e Marie Curie est un espace convivial de travail et de lecture.<\/p>\n<p style=\"text-align: justify;\">Il est tenu pas M. Wimmer-Nejman, professeur documentaliste, qui se tient \u00e0 disposition des \u00e9l\u00e8ves pour les accueillir les orienter dans leurs recherches et les suivre \u00e0 travers de nombreuses actions culturelles men\u00e9es par le lyc\u00e9e.<\/p>\n<p style=\"text-align: justify;\"><strong>Ressources en ligne :\u00a0<\/strong><\/p>\n<p><img loading=\"lazy\" decoding=\"async\" class=\"\" style=\"font-size: inherit;\" src=\"https:\/\/www.lycee-mariecurie.org\/wp-content\/uploads\/2021\/03\/index.png\" alt=\"L\u2019attribut alt de cette image est vide, son nom de fichier est index.png.\" width=\"119\" height=\"109\" \/><\/p>\n<p><span style=\"font-size: inherit;\">Pour consulter les nouveaut\u00e9s ou effectuer une recherche, rendez-vous sur <a href=\"https:\/\/0670083b.esidoc.fr\/\">esidoc : le portail d\u2019information et de recherche documentaire du CDI<\/a><\/span><\/p>\n<div id=\"lipsum\">\n<p><a href=\"https:\/\/www.facebook.com\/CDILMC\"><img loading=\"lazy\" decoding=\"async\" class=\"  wp-image-170 alignleft\" src=\"https:\/\/cdilmc.files.wordpress.com\/2017\/05\/tc3a9lc3a9chargement.png\" alt=\"t\u00e9l\u00e9chargement.png\" width=\"83\" height=\"83\" \/><\/a>Pour suivre les actualit\u00e9s du CDI et les\u00a0diverses actions culturelles men\u00e9es par le lyc\u00e9e, vous pouvez consulter la page Facebook du CDI<\/p>\n<\/div>\n<p><strong>Horaires :\u00a0<\/strong><\/p>\n<p>Lundi : 8H &#8211; 12H \/ 13H &#8211; 17H<\/p>\n<p>Mardi : 9H &#8211; 12H \/ 13H &#8211; 17H<\/p>\n<p>Mercredi : 9H -12H \/ 13H &#8211; 15H<\/p>\n<p>Jeudi : 9H &#8211; 12H \/ 13H &#8211; 17H<\/p>\n<p>Vendredi : 9H &#8211; 12H\u00a0<\/p>\n<p>Ces horaires sont amen\u00e9es \u00e0 changer en fonction des accueils de classe, pour consulter les horaires propres \u00e0 chaque\u00a0semaine, veuillez consulter celui affich\u00e9 sur la porte du CDI.<\/p>\n<p><strong>Conditions\u00a0de pr\u00eat :<\/strong><\/p>\n<ul>\n<li>3 documents pour une dur\u00e9e de 3 semaines prolongeable<\/li>\n<li>1 revue pour une dur\u00e9e de 1 semaine<\/li>\n<\/ul>\n\n\n<figure class=\"wp-block-gallery has-nested-images columns-default is-cropped wp-block-gallery-1 is-layout-flex wp-block-gallery-is-layout-flex\">\n<figure class=\"wp-block-image size-large\"><img loading=\"lazy\" decoding=\"async\" width=\"768\" height=\"1024\" data-id=\"2768\" src=\"https:\/\/www.lycee-mariecurie.org\/wp-content\/uploads\/2021\/03\/image00002-768x1024.jpeg\" alt=\"\" class=\"wp-image-2768\" srcset=\"https:\/\/www.lycee-mariecurie.org\/wp-content\/uploads\/2021\/03\/image00002-768x1024.jpeg 768w, https:\/\/www.lycee-mariecurie.org\/wp-content\/uploads\/2021\/03\/image00002-225x300.jpeg 225w, https:\/\/www.lycee-mariecurie.org\/wp-content\/uploads\/2021\/03\/image00002-1152x1536.jpeg 1152w, https:\/\/www.lycee-mariecurie.org\/wp-content\/uploads\/2021\/03\/image00002-1536x2048.jpeg 1536w, https:\/\/www.lycee-mariecurie.org\/wp-content\/uploads\/2021\/03\/image00002-scaled.jpeg 1920w\" sizes=\"auto, (max-width: 768px) 100vw, 768px\" \/><\/figure>\n\n\n\n<figure class=\"wp-block-image size-large\"><img loading=\"lazy\" decoding=\"async\" width=\"960\" height=\"720\" data-id=\"2769\" src=\"https:\/\/www.lycee-mariecurie.org\/wp-content\/uploads\/2021\/03\/IMG_1129-1.jpg\" alt=\"\" class=\"wp-image-2769\" srcset=\"https:\/\/www.lycee-mariecurie.org\/wp-content\/uploads\/2021\/03\/IMG_1129-1.jpg 960w, https:\/\/www.lycee-mariecurie.org\/wp-content\/uploads\/2021\/03\/IMG_1129-1-300x225.jpg 300w\" sizes=\"auto, (max-width: 960px) 100vw, 960px\" \/><\/figure>\n\n\n\n<figure class=\"wp-block-image size-large\"><img loading=\"lazy\" decoding=\"async\" width=\"480\" height=\"640\" data-id=\"2770\" src=\"https:\/\/www.lycee-mariecurie.org\/wp-content\/uploads\/2021\/03\/IMG_7389.jpg\" alt=\"\" class=\"wp-image-2770\" srcset=\"https:\/\/www.lycee-mariecurie.org\/wp-content\/uploads\/2021\/03\/IMG_7389.jpg 480w, https:\/\/www.lycee-mariecurie.org\/wp-content\/uploads\/2021\/03\/IMG_7389-225x300.jpg 225w\" sizes=\"auto, (max-width: 480px) 100vw, 480px\" \/><\/figure>\n\n\n\n<figure class=\"wp-block-image size-large\"><img loading=\"lazy\" decoding=\"async\" width=\"480\" height=\"640\" data-id=\"2771\" src=\"https:\/\/www.lycee-mariecurie.org\/wp-content\/uploads\/2021\/03\/IMG_7390.jpg\" alt=\"\" class=\"wp-image-2771\" srcset=\"https:\/\/www.lycee-mariecurie.org\/wp-content\/uploads\/2021\/03\/IMG_7390.jpg 480w, https:\/\/www.lycee-mariecurie.org\/wp-content\/uploads\/2021\/03\/IMG_7390-225x300.jpg 225w\" sizes=\"auto, (max-width: 480px) 100vw, 480px\" \/><\/figure>\n\n\n\n<figure class=\"wp-block-image size-large\"><img loading=\"lazy\" decoding=\"async\" width=\"640\" height=\"480\" data-id=\"2760\" src=\"https:\/\/www.lycee-mariecurie.org\/wp-content\/uploads\/2021\/03\/IMG_7387.jpg\" alt=\"\" class=\"wp-image-2760\" srcset=\"https:\/\/www.lycee-mariecurie.org\/wp-content\/uploads\/2021\/03\/IMG_7387.jpg 640w, https:\/\/www.lycee-mariecurie.org\/wp-content\/uploads\/2021\/03\/IMG_7387-300x225.jpg 300w\" sizes=\"auto, (max-width: 640px) 100vw, 640px\" \/><\/figure>\n\n\n\n<figure class=\"wp-block-image size-large\"><img loading=\"lazy\" decoding=\"async\" width=\"640\" height=\"480\" data-id=\"2761\" src=\"https:\/\/www.lycee-mariecurie.org\/wp-content\/uploads\/2021\/03\/IMG_7388.jpg\" alt=\"\" class=\"wp-image-2761\" srcset=\"https:\/\/www.lycee-mariecurie.org\/wp-content\/uploads\/2021\/03\/IMG_7388.jpg 640w, https:\/\/www.lycee-mariecurie.org\/wp-content\/uploads\/2021\/03\/IMG_7388-300x225.jpg 300w\" sizes=\"auto, (max-width: 640px) 100vw, 640px\" \/><\/figure>\n\n\n\n\n<figcaption class=\"blocks-gallery-caption wp-element-caption\"><strong>Vid\u00e9o de pr\u00e9sentation du CDI&nbsp;<\/strong><\/figcaption><\/figure>\n\n\n\n<figure class=\"wp-block-video\"><video height=\"1080\" style=\"aspect-ratio: 1920 \/ 1080;\" width=\"1920\" controls src=\"https:\/\/www.lycee-mariecurie.org\/wp-content\/uploads\/2021\/03\/Le-CDI-du-lycee-Marie-Curie.mp4\"><\/video><\/figure>\n","protected":false},"excerpt":{"rendered":"<p>Ouvert aux \u00e9l\u00e8ves et \u00e0 l\u2019ensemble du personnel \u00e9ducatif pour r\u00e9pondre \u00e0 leurs besoins en termes de documentation et d\u2019information, le CDI du lyc\u00e9e Marie Curie est un espace convivial de travail et de lecture. Il est tenu pas M&#8230;.<\/p>\n","protected":false},"author":1,"featured_media":0,"parent":0,"menu_order":0,"comment_status":"closed","ping_status":"closed","template":"","meta":{"footnotes":""},"class_list":["post-1010","page","type-page","status-publish","hentry","no-post-thumbnail"],"_links":{"self":[{"href":"https:\/\/www.lycee-mariecurie.org\/index.php\/wp-json\/wp\/v2\/pages\/1010","targetHints":{"allow":["GET"]}}],"collection":[{"href":"https:\/\/www.lycee-mariecurie.org\/index.php\/wp-json\/wp\/v2\/pages"}],"about":[{"href":"https:\/\/www.lycee-mariecurie.org\/index.php\/wp-json\/wp\/v2\/types\/page"}],"author":[{"embeddable":true,"href":"https:\/\/www.lycee-mariecurie.org\/index.php\/wp-json\/wp\/v2\/users\/1"}],"replies":[{"embeddable":true,"href":"https:\/\/www.lycee-mariecurie.org\/index.php\/wp-json\/wp\/v2\/comments?post=1010"}],"version-history":[{"count":15,"href":"https:\/\/www.lycee-mariecurie.org\/index.php\/wp-json\/wp\/v2\/pages\/1010\/revisions"}],"predecessor-version":[{"id":5122,"href":"https:\/\/www.lycee-mariecurie.org\/index.php\/wp-json\/wp\/v2\/pages\/1010\/revisions\/5122"}],"wp:attachment":[{"href":"https:\/\/www.lycee-mariecurie.org\/index.php\/wp-json\/wp\/v2\/media?parent=1010"}],"curies":[{"name":"wp","href":"https:\/\/api.w.org\/{rel}","templated":true}]}}